{"id":241,"date":"2012-09-07T16:13:50","date_gmt":"2012-09-07T16:13:50","guid":{"rendered":"https:\/\/icaschool.hxeycjd4-liquidwebsites.com\/?page_id=241"},"modified":"2024-10-25T14:34:12","modified_gmt":"2024-10-25T19:34:12","slug":"michigan","status":"publish","type":"page","link":"https:\/\/tamuthi.com\/es\/licencias-estatales\/michigan\/","title":{"rendered":"Certificaci\u00f3n de Inspecci\u00f3n de Viviendas de Michigan"},"content":{"rendered":"<div class=\"wpb-content-wrapper\"><div class=\"vc_row wpb_row vc_row-fluid\"><div class=\"wpb_column vc_column_container vc_col-sm-12\"><div class=\"vc_column-inner\"><div class=\"wpb_wrapper\">\n\t<div class=\"wpb_text_column wpb_content_element\" >\n\t\t<div class=\"wpb_wrapper\">\n\t\t\t<p>\u00bfLe interesa saber c\u00f3mo convertirse en inspector de viviendas? Michigan no tiene requisitos de licencia para los inspectores de viviendas, lo que hace que el proceso sea relativamente f\u00e1cil.<\/p>\n<h3><strong><b>C\u00f3mo convertirse en un inspector de viviendas en Michigan en dos pasos:<\/b><\/strong><\/h3>\n<p><b>Primer paso<\/b><span style=\"font-weight: 400;\">:<\/span> <span style=\"font-weight: 400;\">Completar el curso de formaci\u00f3n en l\u00ednea sobre inspecci\u00f3n de viviendas de la ACI<\/span><span style=\"font-weight: 400;\">.  Le proporcionamos toda la formaci\u00f3n y certificaci\u00f3n que necesita para realizar con \u00e9xito inspecciones de viviendas.<\/span><\/p>\n<p><b>Segundo paso<\/b><span style=\"font-weight: 400;\">: Inicie su propio negocio de inspecci\u00f3n de viviendas o trabaje para una empresa de inspecci\u00f3n de viviendas ya existente.<\/span><\/p>\n\n\t\t<\/div>\n\t<\/div>\n<\/div><\/div><\/div><\/div><div class=\"vc_row wpb_row vc_row-fluid vc_custom_1714509650483\"><div class=\"wpb_column vc_column_container vc_col-sm-12\"><div class=\"vc_column-inner\"><div class=\"wpb_wrapper\">\n\t<div class=\"wpb_text_column wpb_content_element  vc_custom_1714509639533\" >\n\t\t<div class=\"wpb_wrapper\">\n\t\t\t<h2>Formaci\u00f3n en l\u00ednea sobre inspecci\u00f3n de viviendas<\/h2>\r\n<p>\n<table id=\"tablepress-87\" class=\"tablepress tablepress-id-87 online-spanish tbody-has-connected-cells\">\n<thead>\n<tr class=\"row-1\">\n\t<th class=\"column-1\">Curso<\/th><th class=\"column-2\">Precio<\/th>\n<\/tr>\n<\/thead>\n<tbody class=\"row-striping row-hover\">\n<tr class=\"row-2\">\n\t<td colspan=\"2\" class=\"column-1\"><div class=\"affirm-mobile-height\"><p class=\"affirm-as-low-as affirm-pos\" data-page-type=\"product\" data-amount=\"49500\"><\/p><\/div><\/td>\n<\/tr>\n<tr class=\"row-3\">\n\t<td class=\"column-1\">Curso en l\u00ednea de inspecci\u00f3n de viviendas<\/td><td class=\"column-2\">    <button data-micromodal-trigger=\"modal-69d14a356f860\" class=\"add-to-cart-btn button product_type_bundle add_to_cart_button ajax_add_to_cart\">Elija un paquete<\/button>\n    <script>\n        document.addEventListener('DOMContentLoaded', function() {\n            MicroModal.init();\n\n            productModal.initModal({\n                foundationId: '138562',\n                plusId: '138176',\n                premierId: '138177',\n                fieldtrainingId: '',\n                btnText: 'Buy Now',\n                showDate: '',\n                modalId: 'modal-69d14a356f860',\n            });\n        });\n    <\/script>\n\n    <div class=\"micromodal-slide\" id=\"modal-69d14a356f860\" aria-hidden=\"true\">\n        <div class=\"modal__overlay\" tabindex=\"-1\" data-micromodal-close>\n            <div class=\"modal__container\" role=\"dialog\" aria-modal=\"true\" aria-labelledby=\"modal-69d14a356f860-title\">\n                <header class=\"modal__header\">\n                    <div class=\"title-wrap\">\n                        <h2 class=\"modal__title\" id=\"modal-1-title\">\n                            Elija su paquete de formaci\u00f3n\n                        <\/h2>\n                        <button class=\"modal__close\" aria-label=\"Cerrar modal\" data-micromodal-close><\/button>\n                    <\/div>\n                    <p class=\"subtext\">A continuaci\u00f3n encontrar\u00e1 informaci\u00f3n detallada sobre su formaci\u00f3n en inspecci\u00f3n de viviendas en el curso en l\u00ednea <span id=\"modal-69d14a356f860-class-date\"><\/span><\/p>\n                    <!-- <div id=\"spinner\" class=\"loader\"><\/div> -->\n                <\/header>\n                <main class=\"modal__content\" id=\"modal-69d14a356f860-content\">\n                    <!--Dynamic content will be loaded here via JavaScript-->\n                <\/main>\n                <footer class=\"modal__footer\">\n                    <!-- <button class=\"modal__btn\" data-micromodal-close aria-label=\"Close this dialog window\">Close<\/button> -->\n                <\/footer>\n                <div class=\"spinner-wrap\">\n                    <div id=\"modal-69d14a356f860-lm-spinner\" class=\"loader\"><\/div>\n                <\/div>\n            <\/div>\n        <\/div>\n    <\/div>\n    <script>\n        document.addEventListener('DOMContentLoaded', function() {\n            MicroModal.init({\n                    onShow: (modal) => {\n                        productModal.showSpinner('modal-69d14a356f860');\n                    },\n                    onClose: (modal) => {\n                        const modalContent = document.getElementById(\"modal-69d14a356f860-content\");\n                        while (modalContent.firstChild) {\n                            modalContent.removeChild(modalContent.firstChild);\n                        }\n                        \/\/ Clear the Maps\n                        productModal.productPrices.clear();\n                        productModal.productUrls.clear();\n                    }\n                }\n            );\n        });\n    <\/script>\n<\/td>\n<\/tr>\n<\/tbody>\n<\/table>\n<!-- #tablepress-87 from cache --><\/p>\n\n\t\t<\/div>\n\t<\/div>\n<\/div><\/div><\/div><\/div><div class=\"vc_row wpb_row vc_row-fluid vc_custom_1714509650483\"><div class=\"wpb_column vc_column_container vc_col-sm-12\"><div class=\"vc_column-inner\"><div class=\"wpb_wrapper\">\n\t<div class=\"wpb_text_column wpb_content_element  vc_custom_1721773922654\" >\n\t\t<div class=\"wpb_wrapper\">\n\t\t\t<h2 style=\"margin-bottom:20px;\">\u00bfQu\u00e9 incluyen los paquetes de formaci\u00f3n de ICA?<\/h2>\r\n<p>ICA ofrece tres opciones de formaci\u00f3n de gran valor, que est\u00e1n dise\u00f1adas para que pueda elegir exactamente lo que necesita para tener \u00e9xito en su carrera de inspecci\u00f3n de viviendas. Vea lo que incluye cada una de ellas a continuaci\u00f3n.<\/p>\r\n<div data-hs-responsive-table=\"true\" style=\"overflow-x: auto; width: 100%; margin: 0 auto 0px;\">\r\n<table style=\"width: 100%; border-collapse: collapse; border: 0;\">\r\n<tbody>\r\n<tr>\r\n<td colspan=\"4\" style=\"padding: 10px 10px 10px 25px; border-width: 0; border-style: none; vertical-align: middle; background-color: #011e41;\">\r\n<h4 style=\"text-align:center; padding: 0; margin: 0; color:#ffffff; font-weight:bold; font-size:26px\">Paquetes de formaci\u00f3n ICA<\/h4>\r\n<\/td>\r\n<\/tr>\r\n<tr style=\"display: flex;\">\r\n        <td style=\"flex: 5.8; padding: 10px; border-width: 0; border-style: none; background-color: #efbc43; vertical-align: middle;\">&nbsp;<\/td>\r\n        <td style=\"flex: 1.4; padding: 10px; border-width: 0; border-style: none; background-color: #efbc43; vertical-align: middle; text-align:center; font-weight:bold;\">Fundaci\u00f3n<\/td>\r\n        <td style=\"flex: 1.4; padding: 10px; border-width: 0; border-style: none; background-color: #efbc43; vertical-align: middle; text-align:center; font-weight:bold;\">Fundaci\u00f3n<\/td>\r\n        <td style=\"flex: 1.4; padding: 10px; border-width: 0; border-style: none; background-color: #efbc43; vertical-align: middle; text-align:center; font-weight:bold;\">Premier<\/td>\r\n<\/tr>\r\n<tr style=\"display: flex;\">\r\n    <td style=\"flex: 5.8; padding: 16px 8px 8px 8px; border-width: 0; border-style: none; vertical-align: middle; background-color: #ffffff;\"><p class=\"pkgitem\">Curso en l\u00ednea de inspecci\u00f3n de viviendas<\/p>\r\n\t<p class=\"pkgdes\">El galardonado curso online de inspecci\u00f3n de viviendas de ICA est\u00e1 disponible a la carta 24 horas al d\u00eda, 7 d\u00edas a la semana, y cuenta con v\u00eddeos totalmente narrados por nuestros expertos instructores.<\/p>\r\n\t\r\n<ul>\r\n\t<li>\r\n\t<p class=\"pkgitem\">Acceso y asistencia al curso de por vida<\/p>\r\n\t<p class=\"pkgdes\">Su curso ICA nunca caduca y se actualiza continuamente. Disfrute de la asistencia experta de nuestro veterano equipo.<\/p>\r\n\t<\/li>\r\n\t<li>\r\n\t<p class=\"pkgitem\">Inspecci\u00f3n comercial<\/p>\r\n\t<p class=\"pkgdes\">El curso en l\u00ednea de ICA incluye formaci\u00f3n en inspecci\u00f3n comercial seg\u00fan las normas de la Sociedad Americana de Pruebas y Materiales (ASTM).<\/p>\r\n\t<\/li>\r\n\t<li>\r\n\t<p class=\"pkgitem\">Biblioteca de cursos adicionales<\/p>\r\n\t<p class=\"pkgdes\">El paquete de formaci\u00f3n de la ACI incluye 18 cursos adicionales como nuestro <span style=\"color:#ff0000; font-weight:bold;\">NUEVO<\/span> Curso Construya su negocio (en colaboraci\u00f3n con la Asociaci\u00f3n de la Industria), Inspecci\u00f3n con drones, Im\u00e1genes t\u00e9rmicas, Rad\u00f3n 101, Moho 101, y muchos m\u00e1s.<\/p>\r\n\t<\/li>\r\n<\/ul>\r\n\t<\/td>\r\n    <td style=\"flex: 1.4; padding: 16px 8px 8px 8px; border-width: 0; border-style: none; text-align: center; vertical-align: middle;\">\u2705<\/td>\r\n    <td style=\"flex: 1.4; padding: 16px 8px 8px 8px; border-width: 0; border-style: none; text-align: center; vertical-align: middle;\">\u2705<\/td>\r\n    <td style=\"flex: 1.4; padding: 16px 8px 8px 8px; border-width: 0; border-style: none; text-align: center; vertical-align: middle;\">\u2705<\/td>\r\n<\/tr>\r\n<tr style=\"display: flex;\">\r\n    <td style=\"flex: 5.8; padding: 8px; border-width: 0; border-style: none; vertical-align: middle; background-color: #ffffff;\"><p class=\"pkgitem\">Varias aulas presenciales<\/p>\r\n\t<p class=\"pkgdes\">ICA ofrece clases en directo en 17 estados, \u00a1y seguimos sumando! Consulte nuestro sitio web para ver si ofrecemos clases en su zona. <a href=\"https:\/\/tamuthi.com\/es\/licencias-estatales\/\">M\u00e1s informaci\u00f3n.<\/a><\/p> <\/td>\r\n    <td style=\"flex: 1.4; padding: 8px; border-width: 0; border-style: none; text-align: center; vertical-align: middle;\">\u2705<\/td>\r\n    <td style=\"flex: 1.4; padding: 8px; border-width: 0; border-style: none; text-align: center; vertical-align: middle;\">\u2705<\/td>\r\n    <td style=\"flex: 1.4; padding: 8px; border-width: 0; border-style: none; text-align: center; vertical-align: middle;\">\u2705<\/td>\r\n<\/tr>\r\n<tr style=\"display: flex;\">\r\n    <td style=\"flex: 5.8; padding: 8px; border-width: 0; border-style: none; vertical-align: middle; background-color: #ffffff;\">\r\n\t<p class=\"pkgitem\">Insignia digital<\/p>\r\n\t<p class=\"pkgdes\">ICA se asocia con Credly, una empresa de credenciales digitales de amplia confianza, para proporcionar a nuestros graduados una credencial digital vers\u00e1til y segura.<\/p> <\/td>\r\n    <td style=\"flex: 1.4; padding: 8px; border-width: 0; border-style: none; text-align: center; vertical-align: middle;\">\u2705<\/td>\r\n    <td style=\"flex: 1.4; padding: 8px; border-width: 0; border-style: none; text-align: center; vertical-align: middle;\">\u2705<\/td>\r\n    <td style=\"flex: 1.4; padding: 8px; border-width: 0; border-style: none; text-align: center; vertical-align: middle;\">\u2705<\/td>\r\n<\/tr>\r\n<tr style=\"display: flex;\">\r\n    <td style=\"flex: 5.8; padding: 8px; border-width: 0; border-style: none; vertical-align: middle; background-color: #ffffff;\"><p class=\"pkgitem\">Software de informes incluido sin coste adicional<\/p>\r\n\t<p class=\"pkgdes\">Se trata de una herramienta inestimable que le permite elaborar atractivos informes para sus inspecciones. ICA incluye un software de informes completo de por vida.<\/p> <\/td>\r\n    <td style=\"flex: 1.4; padding: 8px; border-width: 0; border-style: none; text-align: center; vertical-align: middle;\">\u2705<\/td>\r\n    <td style=\"flex: 1.4; padding: 8px; border-width: 0; border-style: none; text-align: center; vertical-align: middle;\">\u2705<\/td>\r\n    <td style=\"flex: 1.4; padding: 8px; border-width: 0; border-style: none; text-align: center; vertical-align: middle;\">\u2705<\/td>\r\n<\/tr>\r\n<tr style=\"display: flex;\">\r\n    <td style=\"flex: 5.8; padding: 8px; border-width: 0; border-style: none; vertical-align: middle; background-color: #ffffff;\">\r\n\t<p class=\"pkgitem\">Prueba gratuita de 90 d\u00edas del software Home Inspector Pro <sup style=\"color:#ff0000; font-weight:bold;\">\u00a1NUEVO!<\/sup><\/p>\r\n\t<p class=\"pkgdes\">Home Inspector Pro es un software de redacci\u00f3n de informes premium, rico en funciones, que crece con usted y su negocio. Con su inscripci\u00f3n en ICA, puede probarlo sin riesgos durante 90 d\u00edas.<\/p> <\/td>\r\n    <td style=\"flex: 1.4; padding: 8px; border-width: 0; border-style: none; text-align: center; vertical-align: middle;\">\u2705<\/td>\r\n    <td style=\"flex: 1.4; padding: 8px; border-width: 0; border-style: none; text-align: center; vertical-align: middle;\">\u2705<\/td>\r\n    <td style=\"flex: 1.4; padding: 8px; border-width: 0; border-style: none; text-align: center; vertical-align: middle;\">\u2705<\/td>\r\n<\/tr>\r\n<tr style=\"display: flex;\">\r\n    <td style=\"flex: 5.8; padding: 8px; border-width: 0; border-style: none; vertical-align: middle; background-color: #ffffff;\">\r\n\t<p class=\"pkgitem\">1 a\u00f1o de afiliaci\u00f3n a la asociaci\u00f3n sectorial <sup style=\"color:#ff0000; font-weight:bold;\">\u00a1NUEVO!<\/sup><\/p>\r\n\t<p class=\"pkgdes\">La asociaci\u00f3n profesional m\u00e1s prestigiosa del pa\u00eds para inspectores de viviendas, con recursos y servicios para llevar su carrera al siguiente nivel. Disfrute de un a\u00f1o de afiliaci\u00f3n con nosotros, \u00a1un valor de $449!<\/p> <\/td>\r\n    <td style=\"flex: 1.4; padding: 8px; border-width: 0; border-style: none; text-align: center; vertical-align: middle;\"><\/td>\r\n    <td style=\"flex: 1.4; padding: 8px; border-width: 0; border-style: none; text-align: center; vertical-align: middle;\">\u2705<\/td>\r\n    <td style=\"flex: 1.4; padding: 8px; border-width: 0; border-style: none; text-align: center; vertical-align: middle;\">\u2705<\/td>\r\n<\/tr>\r\n<tr style=\"display: flex;\">\r\n    <td style=\"flex: 5.8; padding: 8px; border-width: 0; border-style: none; vertical-align: middle; background-color: #ffffff;\">\r\n\t<p class=\"pkgitem\">Afiliaci\u00f3n anual a la ACI 360<\/p>\r\n\t<p class=\"pkgdes\">Una amplia biblioteca de recursos de desarrollo profesional, como seminarios web tem\u00e1ticos, m\u00e1s de 60 v\u00eddeos de inspecciones virtuales y mucho m\u00e1s.<\/p> <\/td>\r\n    <td style=\"flex: 1.4; padding: 8px; border-width: 0; border-style: none; text-align: center; vertical-align: middle;\"><\/td>\r\n    <td style=\"flex: 1.4; padding: 8px; border-width: 0; border-style: none; text-align: center; vertical-align: middle;\">\u2705<\/td>\r\n    <td style=\"flex: 1.4; padding: 8px; border-width: 0; border-style: none; text-align: center; vertical-align: middle;\">\u2705<\/td>\r\n<\/tr>\r\n<tr style=\"display: flex;\">\r\n    <td style=\"flex: 5.8; padding: 8px; border-width: 0; border-style: none; vertical-align: middle; background-color: #ffffff;\">\r\n\t<p class=\"pkgitem\">Gu\u00edas de estudio de libros electr\u00f3nicos NHIE <sup style=\"color:#ff0000; font-weight:bold;\">\u00a1NUEVO!<\/sup><\/p>\r\n\t<p class=\"pkgdes\">Dos gu\u00edas de estudio eBook de alta calidad escritas por los autores del National Home Inspector Exam (NHIE), normalmente valoradas en $150.<\/p> <\/td>\r\n    <td style=\"flex: 1.4; padding: 8px; border-width: 0; border-style: none; text-align: center; vertical-align: middle;\"><\/td>\r\n    <td style=\"flex: 1.4; padding: 8px; border-width: 0; border-style: none; text-align: center; vertical-align: middle;\">\u2705<\/td>\r\n    <td style=\"flex: 1.4; padding: 8px; border-width: 0; border-style: none; text-align: center; vertical-align: middle;\">\u2705<\/td>\r\n<\/tr>\r\n<tr style=\"display: flex;\">\r\n    <td style=\"flex: 5.8; padding: 8px; border-width: 0; border-style: none; vertical-align: middle; background-color: #ffffff;\">\r\n\t<p class=\"pkgitem\">Certificaciones de inspecci\u00f3n de moho y rad\u00f3n <sup style=\"color:#ff0000; font-weight:bold;\">\u00a1NUEVO!<\/sup><\/p>\r\n\t<p class=\"pkgdes\">Los cursos sobre moho y rad\u00f3n (disponibles para determinados estados) le permiten prestar valiosos servicios adicionales, por un valor de hasta $555.<\/p> <\/td>\r\n    <td style=\"flex: 1.4; padding: 8px; border-width: 0; border-style: none; text-align: center; vertical-align: middle;\"><\/td>\r\n    <td style=\"flex: 1.4; padding: 8px; border-width: 0; border-style: none; text-align: center; vertical-align: middle;\"><\/td>\r\n    <td style=\"flex: 1.4; padding: 8px; border-width: 0; border-style: none; text-align: center; vertical-align: middle;\">\u2705<\/td>\r\n<\/tr>\r\n<tr style=\"display: flex;\">\r\n    <td style=\"flex: 5.8; padding: 8px; border-width: 0; border-style: none; vertical-align: middle; background-color: #ffffff;\">\r\n\t<p class=\"pkgitem\">Insignia digital de Inspector Premier <sup style=\"color:#ff0000; font-weight:bold;\">\u00a1NUEVO!<\/sup><\/p>\r\n\t<p class=\"pkgdes\">La designaci\u00f3n m\u00e1s alta de ICA, que muestra su experiencia en inspecci\u00f3n de viviendas con especialidades en moho y rad\u00f3n.<\/p> <\/td>\r\n    <td style=\"flex: 1.4; padding: 8px; border-width: 0; border-style: none; text-align: center; vertical-align: middle;\"><\/td>\r\n    <td style=\"flex: 1.4; padding: 8px; border-width: 0; border-style: none; text-align: center; vertical-align: middle;\"><\/td>\r\n    <td style=\"flex: 1.4; padding: 8px; border-width: 0; border-style: none; text-align: center; vertical-align: middle;\">\u2705<\/td>\r\n<\/tr>\r\n<\/tbody>\r\n<\/table>\r\n<\/div>\r\n<br>\n\n\t\t<\/div>\n\t<\/div>\n<\/div><\/div><\/div><\/div>\n<\/div>","protected":false},"excerpt":{"rendered":"<p>Interested in how to become a home inspector? Michigan does not have licensing requirements for home inspectors, which makes the process relatively easy. How to Become a Home Inspector in Michigan in Two Steps: Step One: Complete the ICA Online home inspection training course.\u00a0 We provide you with all the training and certification you need&hellip;<\/p>","protected":false},"author":1,"featured_media":0,"parent":30,"menu_order":0,"comment_status":"closed","ping_status":"closed","template":"","meta":{"content-type":"","footnotes":""},"class_list":["post-241","page","type-page","status-publish","hentry","description-off"],"aioseo_notices":[],"_links":{"self":[{"href":"https:\/\/tamuthi.com\/es\/wp-json\/wp\/v2\/pages\/241","targetHints":{"allow":["GET"]}}],"collection":[{"href":"https:\/\/tamuthi.com\/es\/wp-json\/wp\/v2\/pages"}],"about":[{"href":"https:\/\/tamuthi.com\/es\/wp-json\/wp\/v2\/types\/page"}],"author":[{"embeddable":true,"href":"https:\/\/tamuthi.com\/es\/wp-json\/wp\/v2\/users\/1"}],"replies":[{"embeddable":true,"href":"https:\/\/tamuthi.com\/es\/wp-json\/wp\/v2\/comments?post=241"}],"version-history":[{"count":4,"href":"https:\/\/tamuthi.com\/es\/wp-json\/wp\/v2\/pages\/241\/revisions"}],"predecessor-version":[{"id":144431,"href":"https:\/\/tamuthi.com\/es\/wp-json\/wp\/v2\/pages\/241\/revisions\/144431"}],"up":[{"embeddable":true,"href":"https:\/\/tamuthi.com\/es\/wp-json\/wp\/v2\/pages\/30"}],"wp:attachment":[{"href":"https:\/\/tamuthi.com\/es\/wp-json\/wp\/v2\/media?parent=241"}],"curies":[{"name":"wp","href":"https:\/\/api.w.org\/{rel}","templated":true}]}}