{"id":12814,"date":"2020-12-21T22:35:05","date_gmt":"2020-12-22T04:35:05","guid":{"rendered":"https:\/\/tamuthi.com\/?post_type=product&#038;p=12814"},"modified":"2023-11-14T09:06:32","modified_gmt":"2023-11-14T15:06:32","slug":"curso-de-inspeccion-de-4-puntos-florida","status":"publish","type":"product","link":"https:\/\/tamuthi.com\/es\/producto\/curso-de-inspeccion-de-4-puntos-florida\/","title":{"rendered":"Curso de inspecci\u00f3n de 4 puntos - Florida"},"content":{"rendered":"<p><strong>Temas del curso:<\/strong> La inspecci\u00f3n de cuatro puntos para las compa\u00f1\u00edas de seguros en viviendas antiguas<br \/>\n<strong>N\u00famero de curso:<\/strong> 0001457<br \/>\n<strong>Hora CE:<\/strong> 1<\/p>\n<p>\u00bfTiene preguntas? Llame a uno de nuestros especialistas en formaci\u00f3n continua al 888-391-4359.<\/p>\n<p><strong>Detalles del curso<\/strong><br \/>\nA diferencia de una inspecci\u00f3n de vivienda t\u00edpica en la que un inspector de viviendas eval\u00faa todos los sistemas que componen la vivienda, una inspecci\u00f3n de cuatro puntos s\u00f3lo abarca los sistemas de calefacci\u00f3n, ventilaci\u00f3n y aire acondicionado, electricidad, fontaner\u00eda y tejado. El prop\u00f3sito de una inspecci\u00f3n de cuatro puntos es asegurarse de que los cuatro sistemas est\u00e1n funcionando correctamente para que un propietario puede obtener una p\u00f3liza de seguro de hogar. Inspecci\u00f3n de Certificaci\u00f3n Asociados 1 CE hora Cuatro Inspecciones curso le ense\u00f1ar\u00e1 c\u00f3mo realizar inspecciones de cuatro puntos y le ayudar\u00e1 a entregar un informe a sus clientes en un formato que sea aceptado por las compa\u00f1\u00edas de seguros.<\/p>\n<p><strong>Resumen del curso<\/strong><\/p>\n<ol class=\"roman\">\n<li>Introducci\u00f3n<\/li>\n<li>\u00bfPor qu\u00e9 es necesaria una inspecci\u00f3n de cuatro puntos?<\/li>\n<li>\u00bfQu\u00e9 incluye una inspecci\u00f3n de cuatro puntos?\n<ol class=\"letter\">\n<li>Documentaci\u00f3n exhaustiva<\/li>\n<li>Fotos<\/li>\n<li>Seguro de hogar<\/li>\n<li>Permisos<\/li>\n<li>Sistemas inspeccionados<\/li>\n<li>Fontaner\u00eda<\/li>\n<li>El\u00e9ctrico<\/li>\n<li>HVAC<\/li>\n<li>Mejor servicio<\/li>\n<\/ol>\n<\/li>\n<li>Resumen<\/li>\n<\/ol>","protected":false},"excerpt":{"rendered":"<p>Temas del curso: La inspecci\u00f3n de cuatro puntos para las compa\u00f1\u00edas de seguros en casas antiguas N\u00famero del curso: 0001457 Hora CE: 1 \u00bfPreguntas? Llame a uno de nuestros Especialistas en Educaci\u00f3n Continua al 888-391-4359. Detalles del curso A diferencia de una inspecci\u00f3n t\u00edpica de la casa donde un inspector de viviendas eval\u00faa todos los sistemas componentes de la casa, una inspecci\u00f3n de cuatro puntos cubre s\u00f3lo HVAC, electricidad, plomer\u00eda y techos. El...<\/p>","protected":false},"featured_media":0,"comment_status":"closed","ping_status":"closed","template":"","meta":{"content-type":""},"product_cat":[143,76],"product_tag":[],"class_list":{"0":"post-12814","1":"product","2":"type-product","3":"status-publish","5":"product_cat-florida-online-course","6":"product_cat-online-course","7":"description-off","9":"first","10":"instock","11":"taxable","12":"shipping-taxable","13":"purchasable","14":"product-type-simple"},"bundled_by":["138233","138234"],"bundle_stock_status":"instock","bundle_stock_quantity":null,"bundle_virtual":false,"bundle_layout":"","bundle_add_to_cart_form_location":"","bundle_editable_in_cart":false,"bundle_sold_individually_context":"","bundle_item_grouping":"","bundle_min_size":"","bundle_max_size":"","bundle_price":[],"bundled_items":[],"bundle_sell_ids":[],"aioseo_notices":[],"_links":{"self":[{"href":"https:\/\/tamuthi.com\/es\/wp-json\/wp\/v2\/product\/12814","targetHints":{"allow":["GET"]}}],"collection":[{"href":"https:\/\/tamuthi.com\/es\/wp-json\/wp\/v2\/product"}],"about":[{"href":"https:\/\/tamuthi.com\/es\/wp-json\/wp\/v2\/types\/product"}],"replies":[{"embeddable":true,"href":"https:\/\/tamuthi.com\/es\/wp-json\/wp\/v2\/comments?post=12814"}],"wp:attachment":[{"href":"https:\/\/tamuthi.com\/es\/wp-json\/wp\/v2\/media?parent=12814"}],"wp:term":[{"taxonomy":"product_cat","embeddable":true,"href":"https:\/\/tamuthi.com\/es\/wp-json\/wp\/v2\/product_cat?post=12814"},{"taxonomy":"product_tag","embeddable":true,"href":"https:\/\/tamuthi.com\/es\/wp-json\/wp\/v2\/product_tag?post=12814"}],"curies":[{"name":"wp","href":"https:\/\/api.w.org\/{rel}","templated":true}]}}