{"id":136713,"date":"2024-04-05T15:52:07","date_gmt":"2024-04-05T20:52:07","guid":{"rendered":"https:\/\/tamuthi.com\/?post_type=product&#038;p=136713"},"modified":"2024-05-28T11:26:14","modified_gmt":"2024-05-28T16:26:14","slug":"curso-combinado-6-9-2024-junio-roanoke-va","status":"publish","type":"product","link":"https:\/\/tamuthi.com\/es\/producto\/curso-combinado-6-9-2024-junio-roanoke-va\/","title":{"rendered":"Curso combinado | 6-9 junio 2024 | Roanoke VA"},"content":{"rendered":"<ul>\n<li><i class=\"fa fa-check\" aria-hidden=\"true\"><\/i>\u00a0Curso presencial de 35 horas<\/li>\n<li><i class=\"fa fa-check\" aria-hidden=\"true\"><\/i>\u00a0Curso en l\u00ednea de inspecci\u00f3n de viviendas<\/li>\n<li><i class=\"fa fa-check\" aria-hidden=\"true\"><\/i>\u00a0Curso de preparaci\u00f3n de ex\u00e1menes<\/li>\n<li><i class=\"fa fa-check\" aria-hidden=\"true\"><\/i>\u00a0Acceso y asistencia de por vida<\/li>\n<li><i class=\"fa fa-check\" aria-hidden=\"true\"><\/i>\u00a0Biblioteca de cursos adicionales<\/li>\n<li><i class=\"fa fa-check\" aria-hidden=\"true\"><\/i>\u00a0Software de informes<\/li>\n<li><i class=\"fa fa-check\" aria-hidden=\"true\"><\/i>\u00a0Prueba gratuita de 90 d\u00edas de Home Inspector Pro<\/li>\n<\/ul>","protected":false},"excerpt":{"rendered":"<p>\u00a0Curso presencial de 35 horas Curso online de inspecci\u00f3n de viviendas Curso de preparaci\u00f3n de ex\u00e1menes Acceso y asistencia de por vida Biblioteca de cursos de bonificaci\u00f3n Software de informes Home Inspector Pro 90 d\u00edas de prueba gratuita<\/p>","protected":false},"featured_media":0,"comment_status":"closed","ping_status":"closed","template":"","meta":{"content-type":""},"product_cat":[203,105,67,79],"product_tag":[],"class_list":{"0":"post-136713","1":"product","2":"type-product","3":"status-publish","5":"product_cat-foundation","6":"product_cat-live-class-bundle","7":"product_cat-live-courses","8":"product_cat-virginia","9":"description-off","11":"first","12":"instock","13":"sold-individually","14":"taxable","15":"shipping-taxable","16":"purchasable","17":"product-type-bundle"},"bundled_by":[],"bundle_stock_status":"instock","bundle_stock_quantity":"","bundle_virtual":false,"bundle_layout":"default","bundle_add_to_cart_form_location":"default","bundle_editable_in_cart":false,"bundle_sold_individually_context":"product","bundle_item_grouping":"parent","bundle_min_size":"","bundle_max_size":"","bundle_price":{"price":{"min":{"incl_tax":"1395","excl_tax":"1395"},"max":{"incl_tax":"1395","excl_tax":"1395"}},"regular_price":{"min":{"incl_tax":"1395","excl_tax":"1395"},"max":{"incl_tax":"1395","excl_tax":"1395"}}},"bundled_items":[{"bundled_item_id":1329,"product_id":136712,"menu_order":0,"quantity_min":1,"quantity_max":1,"quantity_default":1,"priced_individually":true,"shipped_individually":false,"override_title":false,"title":"Virginia Live Course | June 6-9 2024 | Roanoke","override_description":false,"description":"","optional":false,"hide_thumbnail":true,"discount":"","override_variations":false,"allowed_variations":[],"override_default_variation_attributes":false,"default_variation_attributes":[],"single_product_visibility":"visible","cart_visibility":"hidden","order_visibility":"visible","single_product_price_visibility":"visible","cart_price_visibility":"visible","order_price_visibility":"visible","stock_status":"in_stock"},{"bundled_item_id":1327,"product_id":6403,"menu_order":1,"quantity_min":1,"quantity_max":1,"quantity_default":1,"priced_individually":true,"shipped_individually":true,"override_title":false,"title":"Online Home Inspection Certification Program","override_description":false,"description":"","optional":false,"hide_thumbnail":true,"discount":"","override_variations":false,"allowed_variations":[],"override_default_variation_attributes":false,"default_variation_attributes":[],"single_product_visibility":"visible","cart_visibility":"hidden","order_visibility":"visible","single_product_price_visibility":"visible","cart_price_visibility":"visible","order_price_visibility":"visible","stock_status":"in_stock"},{"bundled_item_id":1328,"product_id":15759,"menu_order":2,"quantity_min":1,"quantity_max":1,"quantity_default":1,"priced_individually":true,"shipped_individually":false,"override_title":false,"title":"Software","override_description":false,"description":"","optional":false,"hide_thumbnail":true,"discount":"","override_variations":false,"allowed_variations":[],"override_default_variation_attributes":false,"default_variation_attributes":[],"single_product_visibility":"visible","cart_visibility":"hidden","order_visibility":"visible","single_product_price_visibility":"visible","cart_price_visibility":"visible","order_price_visibility":"visible","stock_status":"in_stock"},{"bundled_item_id":1661,"product_id":138174,"menu_order":3,"quantity_min":1,"quantity_max":1,"quantity_default":1,"priced_individually":false,"shipped_individually":false,"override_title":false,"title":"Home Inspector Pro 3-Month Trial","override_description":false,"description":"","optional":false,"hide_thumbnail":true,"discount":"","override_variations":false,"allowed_variations":[],"override_default_variation_attributes":false,"default_variation_attributes":[],"single_product_visibility":"visible","cart_visibility":"hidden","order_visibility":"visible","single_product_price_visibility":"visible","cart_price_visibility":"visible","order_price_visibility":"visible","stock_status":"in_stock"}],"bundle_sell_ids":[],"aioseo_notices":[],"_links":{"self":[{"href":"https:\/\/tamuthi.com\/es\/wp-json\/wp\/v2\/product\/136713","targetHints":{"allow":["GET"]}}],"collection":[{"href":"https:\/\/tamuthi.com\/es\/wp-json\/wp\/v2\/product"}],"about":[{"href":"https:\/\/tamuthi.com\/es\/wp-json\/wp\/v2\/types\/product"}],"replies":[{"embeddable":true,"href":"https:\/\/tamuthi.com\/es\/wp-json\/wp\/v2\/comments?post=136713"}],"wp:attachment":[{"href":"https:\/\/tamuthi.com\/es\/wp-json\/wp\/v2\/media?parent=136713"}],"wp:term":[{"taxonomy":"product_cat","embeddable":true,"href":"https:\/\/tamuthi.com\/es\/wp-json\/wp\/v2\/product_cat?post=136713"},{"taxonomy":"product_tag","embeddable":true,"href":"https:\/\/tamuthi.com\/es\/wp-json\/wp\/v2\/product_tag?post=136713"}],"curies":[{"name":"wp","href":"https:\/\/api.w.org\/{rel}","templated":true}]}}