{"id":141685,"date":"2024-08-02T15:42:26","date_gmt":"2024-08-02T20:42:26","guid":{"rendered":"https:\/\/tamuthi.com\/?post_type=product&#038;p=141685"},"modified":"2025-02-14T14:13:26","modified_gmt":"2025-02-14T20:13:26","slug":"paquete-de-la-fundacion-texas-en-linea","status":"publish","type":"product","link":"https:\/\/tamuthi.com\/es\/producto\/paquete-de-la-fundacion-texas-en-linea\/","title":{"rendered":"Paquete Foundation+ - Texas Online"},"content":{"rendered":"<p>Incluye todo lo del paquete Fundaci\u00f3n, m\u00e1s:<\/p>\n<ul>\n<li><i class=\"fa fa-check\" aria-hidden=\"true\"><\/i> Home Inspector Pro 3 meses de prueba<\/li>\n<li><i class=\"fa fa-check\" aria-hidden=\"true\"><\/i> Software Report Form Pro<\/li>\n<li><i class=\"fa fa-check\" aria-hidden=\"true\"><\/i> 1 a\u00f1o de afiliaci\u00f3n a la asociaci\u00f3n sectorial<\/li>\n<li><i class=\"fa fa-check\" aria-hidden=\"true\"><\/i>\u00a0ICA 360 Acceso durante 1 a\u00f1o<\/li>\n<li><i class=\"fa fa-check\" aria-hidden=\"true\"><\/i>\u00a0Conjunto de libros electr\u00f3nicos NHIE<\/li>\n<\/ul>","protected":false},"excerpt":{"rendered":"<p>Includes everything in the Foundation package, plus: Home Inspector Pro 3-Month Trial Report Form Pro Software 1-Year Membership to Industry Association \u00a0ICA 360 1-Year Access \u00a0NHIE e-Book Set<\/p>","protected":false},"featured_media":0,"comment_status":"closed","ping_status":"closed","template":"","meta":{"content-type":""},"product_cat":[204,67,213],"product_tag":[],"class_list":{"0":"post-141685","1":"product","2":"type-product","3":"status-publish","5":"product_cat-foundation-plus","6":"product_cat-live-courses","7":"product_cat-texas","8":"description-off","10":"first","11":"instock","12":"virtual","13":"taxable","14":"purchasable","15":"product-type-bundle"},"bundled_by":[],"bundle_stock_status":"instock","bundle_stock_quantity":"","bundle_virtual":false,"bundle_layout":"default","bundle_add_to_cart_form_location":"default","bundle_editable_in_cart":false,"bundle_sold_individually_context":"product","bundle_item_grouping":"parent","bundle_min_size":"","bundle_max_size":"","bundle_price":{"price":{"min":{"incl_tax":"400","excl_tax":"400"},"max":{"incl_tax":"400","excl_tax":"400"}},"regular_price":{"min":{"incl_tax":"400","excl_tax":"400"},"max":{"incl_tax":"400","excl_tax":"400"}}},"bundled_items":[{"bundled_item_id":1988,"product_id":135449,"menu_order":0,"quantity_min":1,"quantity_max":1,"quantity_default":1,"priced_individually":true,"shipped_individually":true,"override_title":false,"title":"NHIE eBooks Volume 1 and Volume 2 Complete Reference Set","override_description":false,"description":"","optional":false,"hide_thumbnail":true,"discount":"","override_variations":false,"allowed_variations":[],"override_default_variation_attributes":false,"default_variation_attributes":[],"single_product_visibility":"visible","cart_visibility":"hidden","order_visibility":"visible","single_product_price_visibility":"hidden","cart_price_visibility":"hidden","order_price_visibility":"visible","stock_status":"in_stock"},{"bundled_item_id":1991,"product_id":138174,"menu_order":1,"quantity_min":1,"quantity_max":1,"quantity_default":1,"priced_individually":true,"shipped_individually":false,"override_title":false,"title":"Home Inspector Pro 3-Month Trial","override_description":false,"description":"","optional":false,"hide_thumbnail":true,"discount":"","override_variations":false,"allowed_variations":[],"override_default_variation_attributes":false,"default_variation_attributes":[],"single_product_visibility":"visible","cart_visibility":"hidden","order_visibility":"visible","single_product_price_visibility":"hidden","cart_price_visibility":"hidden","order_price_visibility":"visible","stock_status":"in_stock"},{"bundled_item_id":1992,"product_id":138175,"menu_order":2,"quantity_min":1,"quantity_max":1,"quantity_default":1,"priced_individually":true,"shipped_individually":false,"override_title":false,"title":"ICA 360 One-Year Membership","override_description":false,"description":"","optional":false,"hide_thumbnail":true,"discount":"","override_variations":false,"allowed_variations":[],"override_default_variation_attributes":false,"default_variation_attributes":[],"single_product_visibility":"visible","cart_visibility":"visible","order_visibility":"visible","single_product_price_visibility":"hidden","cart_price_visibility":"hidden","order_price_visibility":"visible","stock_status":"in_stock"},{"bundled_item_id":1993,"product_id":138173,"menu_order":3,"quantity_min":1,"quantity_max":1,"quantity_default":1,"priced_individually":true,"shipped_individually":false,"override_title":false,"title":"ASHI One-Year Membership","override_description":false,"description":"","optional":false,"hide_thumbnail":true,"discount":"","override_variations":false,"allowed_variations":[],"override_default_variation_attributes":false,"default_variation_attributes":[],"single_product_visibility":"visible","cart_visibility":"hidden","order_visibility":"visible","single_product_price_visibility":"hidden","cart_price_visibility":"hidden","order_price_visibility":"visible","stock_status":"in_stock"},{"bundled_item_id":1994,"product_id":36787,"menu_order":4,"quantity_min":1,"quantity_max":1,"quantity_default":1,"priced_individually":true,"shipped_individually":false,"override_title":false,"title":"Software","override_description":false,"description":"","optional":false,"hide_thumbnail":true,"discount":"","override_variations":false,"allowed_variations":[],"override_default_variation_attributes":false,"default_variation_attributes":[],"single_product_visibility":"visible","cart_visibility":"hidden","order_visibility":"visible","single_product_price_visibility":"hidden","cart_price_visibility":"hidden","order_price_visibility":"visible","stock_status":"in_stock"}],"bundle_sell_ids":[],"aioseo_notices":[],"_links":{"self":[{"href":"https:\/\/tamuthi.com\/es\/wp-json\/wp\/v2\/product\/141685","targetHints":{"allow":["GET"]}}],"collection":[{"href":"https:\/\/tamuthi.com\/es\/wp-json\/wp\/v2\/product"}],"about":[{"href":"https:\/\/tamuthi.com\/es\/wp-json\/wp\/v2\/types\/product"}],"replies":[{"embeddable":true,"href":"https:\/\/tamuthi.com\/es\/wp-json\/wp\/v2\/comments?post=141685"}],"wp:attachment":[{"href":"https:\/\/tamuthi.com\/es\/wp-json\/wp\/v2\/media?parent=141685"}],"wp:term":[{"taxonomy":"product_cat","embeddable":true,"href":"https:\/\/tamuthi.com\/es\/wp-json\/wp\/v2\/product_cat?post=141685"},{"taxonomy":"product_tag","embeddable":true,"href":"https:\/\/tamuthi.com\/es\/wp-json\/wp\/v2\/product_tag?post=141685"}],"curies":[{"name":"wp","href":"https:\/\/api.w.org\/{rel}","templated":true}]}}