{"id":32350,"date":"2022-08-17T10:00:08","date_gmt":"2022-08-17T15:00:08","guid":{"rendered":"https:\/\/tamuthi.com\/?post_type=product&#038;p=32350"},"modified":"2024-10-10T17:23:42","modified_gmt":"2024-10-10T22:23:42","slug":"programa-de-certificacion-de-120-horas-de-inspeccion-de-viviendas-de-la-florida","status":"publish","type":"product","link":"https:\/\/tamuthi.com\/es\/producto\/programa-de-certificacion-de-120-horas-de-inspeccion-de-viviendas-de-la-florida\/","title":{"rendered":"Florida | Curso en l\u00ednea de 120 horas | En l\u00ednea"},"content":{"rendered":"<ul>\n<li><i class=\"fa fa-check\" aria-hidden=\"true\"><\/i>\u00a0Curso de formaci\u00f3n de 120 horas<\/li>\n<li><i class=\"fa fa-check\" aria-hidden=\"true\"><\/i>\u00a0Curso en l\u00ednea de inspecci\u00f3n de viviendas<\/li>\n<li><i class=\"fa fa-check\" aria-hidden=\"true\"><\/i>\u00a0Curso de preparaci\u00f3n de ex\u00e1menes<\/li>\n<li><i class=\"fa fa-check\" aria-hidden=\"true\"><\/i>\u00a0Acceso y asistencia de por vida<\/li>\n<li><i class=\"fa fa-check\" aria-hidden=\"true\"><\/i>\u00a0Biblioteca de cursos adicionales<\/li>\n<li><i class=\"fa fa-check\" aria-hidden=\"true\"><\/i>\u00a0Software de informes<\/li>\n<li><i class=\"fa fa-check\" aria-hidden=\"true\"><\/i>\u00a0Prueba gratuita de 90 d\u00edas de Home Inspector Pro<\/li>\n<\/ul>","protected":false},"excerpt":{"rendered":"<p>\u00a0Curso de formaci\u00f3n de 120 horas Curso online de inspecci\u00f3n de viviendas Curso de preparaci\u00f3n de ex\u00e1menes Acceso y asistencia de por vida Curso de bonificaci\u00f3n Biblioteca Software de informes Home Inspector Pro 90 d\u00edas de prueba gratuita<\/p>","protected":false},"featured_media":0,"comment_status":"closed","ping_status":"closed","template":"","meta":{"content-type":""},"product_cat":[143,203,76],"product_tag":[],"class_list":{"0":"post-32350","1":"product","2":"type-product","3":"status-publish","5":"product_cat-florida-online-course","6":"product_cat-foundation","7":"product_cat-online-course","8":"description-off","10":"first","11":"instock","12":"sale","13":"virtual","14":"sold-individually","15":"taxable","16":"purchasable","17":"product-type-bundle"},"bundled_by":[],"bundle_stock_status":"instock","bundle_stock_quantity":"","bundle_virtual":false,"bundle_layout":"default","bundle_add_to_cart_form_location":"default","bundle_editable_in_cart":false,"bundle_sold_individually_context":"product","bundle_item_grouping":"parent","bundle_min_size":"","bundle_max_size":"","bundle_price":{"price":{"min":{"incl_tax":"995","excl_tax":"995"},"max":{"incl_tax":"995","excl_tax":"995"}},"regular_price":{"min":{"incl_tax":"1035","excl_tax":"1035"},"max":{"incl_tax":"1035","excl_tax":"1035"}}},"bundled_items":[{"bundled_item_id":1631,"product_id":6403,"menu_order":0,"quantity_min":1,"quantity_max":1,"quantity_default":1,"priced_individually":true,"shipped_individually":true,"override_title":false,"title":"Online Home Inspection Certification Program","override_description":false,"description":"","optional":false,"hide_thumbnail":true,"discount":"5.755","override_variations":false,"allowed_variations":[],"override_default_variation_attributes":false,"default_variation_attributes":[],"single_product_visibility":"visible","cart_visibility":"hidden","order_visibility":"visible","single_product_price_visibility":"hidden","cart_price_visibility":"hidden","order_price_visibility":"visible","stock_status":"in_stock"},{"bundled_item_id":1633,"product_id":138174,"menu_order":1,"quantity_min":1,"quantity_max":1,"quantity_default":1,"priced_individually":true,"shipped_individually":false,"override_title":false,"title":"Home Inspector Pro 3-Month Trial","override_description":false,"description":"","optional":false,"hide_thumbnail":true,"discount":"","override_variations":false,"allowed_variations":[],"override_default_variation_attributes":false,"default_variation_attributes":[],"single_product_visibility":"visible","cart_visibility":"hidden","order_visibility":"visible","single_product_price_visibility":"hidden","cart_price_visibility":"hidden","order_price_visibility":"visible","stock_status":"in_stock"},{"bundled_item_id":1632,"product_id":36787,"menu_order":2,"quantity_min":1,"quantity_max":1,"quantity_default":1,"priced_individually":true,"shipped_individually":false,"override_title":false,"title":"Software","override_description":false,"description":"","optional":false,"hide_thumbnail":true,"discount":"","override_variations":false,"allowed_variations":[],"override_default_variation_attributes":false,"default_variation_attributes":[],"single_product_visibility":"visible","cart_visibility":"hidden","order_visibility":"visible","single_product_price_visibility":"hidden","cart_price_visibility":"hidden","order_price_visibility":"visible","stock_status":"in_stock"}],"bundle_sell_ids":[],"aioseo_notices":[],"_links":{"self":[{"href":"https:\/\/tamuthi.com\/es\/wp-json\/wp\/v2\/product\/32350","targetHints":{"allow":["GET"]}}],"collection":[{"href":"https:\/\/tamuthi.com\/es\/wp-json\/wp\/v2\/product"}],"about":[{"href":"https:\/\/tamuthi.com\/es\/wp-json\/wp\/v2\/types\/product"}],"replies":[{"embeddable":true,"href":"https:\/\/tamuthi.com\/es\/wp-json\/wp\/v2\/comments?post=32350"}],"wp:attachment":[{"href":"https:\/\/tamuthi.com\/es\/wp-json\/wp\/v2\/media?parent=32350"}],"wp:term":[{"taxonomy":"product_cat","embeddable":true,"href":"https:\/\/tamuthi.com\/es\/wp-json\/wp\/v2\/product_cat?post=32350"},{"taxonomy":"product_tag","embeddable":true,"href":"https:\/\/tamuthi.com\/es\/wp-json\/wp\/v2\/product_tag?post=32350"}],"curies":[{"name":"wp","href":"https:\/\/api.w.org\/{rel}","templated":true}]}}